{"id":108,"date":"2016-01-07T13:04:49","date_gmt":"2016-01-07T12:04:49","guid":{"rendered":"http:\/\/ustavlogistiky.jecool.net\/?page_id=108"},"modified":"2022-12-10T13:57:41","modified_gmt":"2022-12-10T12:57:41","slug":"skusobna-ocelovych-lan","status":"publish","type":"page","link":"https:\/\/logistika.fberg.tuke.sk\/?page_id=108","title":{"rendered":"Sk\u00fa\u0161obn\u00e9 centrum SCOLaK"},"content":{"rendered":"\n<h1 class=\"wp-block-heading\"><strong>Sk\u00fa\u0161obn\u00e9 centrum oce\u013eov\u00fdch l\u00e1n a gumov\u00fdch kompozitov (SCOLaK)<\/strong><\/h1>\n\n\n<h5>Ved\u00faci pracoviska<\/h5>\n<p>doc. Ing. Pavel Peterka, PhD.<br \/>tel.:+421 (55) 602 2816&gt; <br \/>mobil: +421 907 341\u00a0487 <br \/>e-mail: <a href=\"mailto:pavel.peterka@tuke.sk\">pavel.peterka@tuke.sk<\/a><\/p>\n<p>Sk\u00fa\u0161obn\u00e9 centrum oce\u013eov\u00fdch l\u00e1n a gumov\u00fdch kompozitov (SCOLaK) m\u00e1 dve pracovisk\u00e1:\u00a0<\/p>\n<ol>\n<li style=\"text-align: left;\"><strong> Pracovisko &#8211; Sk\u00fa\u0161ob\u0148a oce\u013eov\u00fdch l\u00e1n (SOL) <\/strong><\/li>\n<\/ol>\n<h5>\u00a0\u00a0\u00a0\u00a0\u00a0\u00a0\u00a0\u00a0<strong> Ved\u00faci pracoviska: doc. Ing. Jozef Kre\u0161\u00e1k, PhD.<\/strong><\/h5>\n<p>Sk\u00fa\u0161obn\u00e9 centrum oce\u013eov\u00fdch l\u00e1n a gumov\u00fdch kompozitov (SCOLaK) poskytuje slu\u017eby v oblasti sk\u00fa\u0161ania oce\u013eov\u00fdch l\u00e1n, re\u0165az\u00ed, up\u00ednac\u00edch prostriedkov, textiln\u00fdch l\u00e1n a z\u00e1chrann\u00fdch prostriedkov. Sk\u00fa\u0161ob\u0148a vykon\u00e1va de\u0161truk\u010dn\u00e9 a defektoskopick\u00e9 sk\u00fa\u0161ky vy\u0161\u0161ie uveden\u00fdch produktov.<\/p>\n<p>Pre bli\u017e\u0161ie inform\u00e1cie o vykon\u00e1van\u00fdch sk\u00fa\u0161kach sa informujte na kontaktoch:<br \/>doc. Ing. Jozef Kre\u0161\u00e1k, PhD., email: jozef.kresak@tuke.sk, tel.: +421 907 495 527<\/p>\n<p><br \/><u>Kontaktn\u00e1 adresa:<\/u> <br \/>Technick\u00e1 univerzita v Ko\u0161iciach <br \/>Fakulta ban\u00edctva, ekol\u00f3gie, riadenia a geotechnol\u00f3gi\u00ed <br \/>\u00dastav logistiky a\u00a0dopravy <br \/>Sk\u00fa\u0161ob\u0148a oce\u013eov\u00fdch l\u00e1n <br \/>doc. Ing. Jozef Kre\u0161\u00e1k, PhD. <br \/>Park Komensk\u00e9ho 14 <br \/>043 84 Ko\u0161ice <br \/>Slovensk\u00e1 republika<\/p>\n<ol start=\"2\">\n<li><strong> Pracovisko \u2013 Testovacie a\u00a0verifika\u010dn\u00e9 pracovisko gum\u00e1rensk\u00fdch v\u00fdrobkov (TaVP GV)<\/strong><\/li>\n<\/ol>\n<p>\u00a0\u00a0\u00a0\u00a0\u00a0\u00a0\u00a0\u00a0 <strong>Ved\u00faca pracoviska: prof. Ing. Daniela Marasov\u00e1, CSc.\u00a0<\/strong><\/p>\n<p>Hlavnou funkciou TaVP\u00a0GV je poskytovanie testovac\u00edch (servisn\u00fdch) slu\u017eieb s osobitn\u00fdm zameran\u00edm na stanovenie mechanick\u00fdch, fyzik\u00e1lnych a\u00a0\u0161peci\u00e1lnych vlastnost\u00ed \u00a0gumov\u00fdch kompozitov (najm\u00e4 dopravn\u00fdch p\u00e1sov), ako aj na technologick\u00fa expert\u00edzu pri v\u00fdvoji, v\u00fdrobe a\u00a0pou\u017eit\u00ed gumov\u00fdch produktov.<\/p>\n<p style=\"text-align: center;\"><strong>Rozsah experiment\u00e1lnych sk\u00fa\u0161ok poskytovan\u00fdch TaVP GV<\/strong><\/p>\n\n\n<figure class=\"wp-block-image size-large\"><img loading=\"lazy\" decoding=\"async\" width=\"1024\" height=\"760\" src=\"http:\/\/logistika.fberg.tuke.sk\/wp-content\/uploads\/obrazok-1024x760.png\" alt=\"\" class=\"wp-image-1987\" srcset=\"https:\/\/logistika.fberg.tuke.sk\/wp-content\/uploads\/obrazok-1024x760.png 1024w, https:\/\/logistika.fberg.tuke.sk\/wp-content\/uploads\/obrazok-300x223.png 300w, https:\/\/logistika.fberg.tuke.sk\/wp-content\/uploads\/obrazok-768x570.png 768w, https:\/\/logistika.fberg.tuke.sk\/wp-content\/uploads\/obrazok.png 1107w\" sizes=\"(max-width: 1024px) 100vw, 1024px\" \/><\/figure>\n\n\n\n<p class=\"has-text-align-center\"><strong>Poh\u013ead na zariadenia TaVP GV<\/strong><\/p>\n\n\n\n<figure class=\"wp-block-gallery columns-2 is-cropped wp-block-gallery-1 is-layout-flex wp-block-gallery-is-layout-flex\"><ul class=\"blocks-gallery-grid\"><li class=\"blocks-gallery-item\"><figure><img loading=\"lazy\" decoding=\"async\" width=\"1024\" height=\"683\" src=\"http:\/\/logistika.fberg.tuke.sk\/wp-content\/uploads\/tpgv2-1024x683.jpg\" alt=\"\" data-id=\"1990\" data-full-url=\"http:\/\/logistika.fberg.tuke.sk\/wp-content\/uploads\/tpgv2.jpg\" data-link=\"http:\/\/logistika.fberg.tuke.sk\/?attachment_id=1990\" class=\"wp-image-1990\" srcset=\"https:\/\/logistika.fberg.tuke.sk\/wp-content\/uploads\/tpgv2-1024x683.jpg 1024w, https:\/\/logistika.fberg.tuke.sk\/wp-content\/uploads\/tpgv2-300x200.jpg 300w, https:\/\/logistika.fberg.tuke.sk\/wp-content\/uploads\/tpgv2-768x512.jpg 768w, https:\/\/logistika.fberg.tuke.sk\/wp-content\/uploads\/tpgv2.jpg 1044w\" sizes=\"(max-width: 1024px) 100vw, 1024px\" \/><\/figure><\/li><li class=\"blocks-gallery-item\"><figure><img loading=\"lazy\" decoding=\"async\" width=\"1024\" height=\"682\" src=\"http:\/\/logistika.fberg.tuke.sk\/wp-content\/uploads\/tpgv1-1024x682.jpg\" alt=\"\" data-id=\"1991\" data-full-url=\"http:\/\/logistika.fberg.tuke.sk\/wp-content\/uploads\/tpgv1.jpg\" data-link=\"http:\/\/logistika.fberg.tuke.sk\/?attachment_id=1991\" class=\"wp-image-1991\" srcset=\"https:\/\/logistika.fberg.tuke.sk\/wp-content\/uploads\/tpgv1-1024x682.jpg 1024w, https:\/\/logistika.fberg.tuke.sk\/wp-content\/uploads\/tpgv1-300x200.jpg 300w, https:\/\/logistika.fberg.tuke.sk\/wp-content\/uploads\/tpgv1-768x512.jpg 768w, https:\/\/logistika.fberg.tuke.sk\/wp-content\/uploads\/tpgv1.jpg 1034w\" sizes=\"(max-width: 1024px) 100vw, 1024px\" \/><\/figure><\/li><\/ul><\/figure>\n\n\n\n<div class=\"wp-block-group\"><div class=\"wp-block-group__inner-container is-layout-flow wp-block-group-is-layout-flow\">\n<p>Pre bli\u017e\u0161ie inform\u00e1cie o vykon\u00e1van\u00fdch sk\u00fa\u0161kach sa informujte na kontaktoch:<br>prof. Ing. Daniela Marasov\u00e1, CSc., e-mail: daniela.marasova@tuke.sk, tel: +421 907 917 904,<br>doc. Ing. \u013dubom\u00edr Ambri\u0161ko, PhD., e-mail: lubomir.ambrisko@tuke.sk, tel: +421 55 602 2591<br><\/p>\n\n\n\n<p><span style=\"text-decoration: underline;\"><strong>Kontaktn\u00e1 adresa:<\/strong><\/span><br>Technick\u00e1 univerzita v Ko\u0161iciach<br>Fakulta ban\u00edctva, ekol\u00f3gie, riadenia a geotechnol\u00f3gi\u00ed<br>\u00dastav logistiky a dopravy<br>Testovacie a verifika\u010dn\u00e9 pracovisko gum\u00e1rensk\u00fdch v\u00fdrobkov<br>prof. Ing. Daniela Marasov\u00e1, CSc.<br>Park Komensk\u00e9ho 14<br>043 84 Ko\u0161ice<br>Slovensk\u00e1 republika<\/p>\n<\/div><\/div>\n","protected":false},"excerpt":{"rendered":"<p>Sk\u00fa\u0161obn\u00e9 centrum oce\u013eov\u00fdch l\u00e1n a gumov\u00fdch kompozitov (SCOLaK) Ved\u00faci pracoviska doc. Ing. Pavel Peterka, PhD.tel.:+421 (55) 602 2816&gt; mobil: +421 907 341\u00a0487 e-mail: pavel.peterka@tuke.sk Sk\u00fa\u0161obn\u00e9 centrum oce\u013eov\u00fdch l\u00e1n a gumov\u00fdch kompozitov (SCOLaK) m\u00e1 dve pracovisk\u00e1:\u00a0 Pracovisko &#8211; Sk\u00fa\u0161ob\u0148a oce\u013eov\u00fdch l\u00e1n (SOL) \u00a0\u00a0\u00a0\u00a0\u00a0\u00a0\u00a0\u00a0 Ved\u00faci pracoviska: doc. Ing. Jozef Kre\u0161\u00e1k, PhD. Sk\u00fa\u0161obn\u00e9 centrum oce\u013eov\u00fdch l\u00e1n a gumov\u00fdch<\/p>\n","protected":false},"author":1,"featured_media":0,"parent":0,"menu_order":0,"comment_status":"closed","ping_status":"closed","template":"","meta":{"pgc_meta":"","footnotes":""},"pgc_meta":"","_links":{"self":[{"href":"https:\/\/logistika.fberg.tuke.sk\/index.php?rest_route=\/wp\/v2\/pages\/108"}],"collection":[{"href":"https:\/\/logistika.fberg.tuke.sk\/index.php?rest_route=\/wp\/v2\/pages"}],"about":[{"href":"https:\/\/logistika.fberg.tuke.sk\/index.php?rest_route=\/wp\/v2\/types\/page"}],"author":[{"embeddable":true,"href":"https:\/\/logistika.fberg.tuke.sk\/index.php?rest_route=\/wp\/v2\/users\/1"}],"replies":[{"embeddable":true,"href":"https:\/\/logistika.fberg.tuke.sk\/index.php?rest_route=%2Fwp%2Fv2%2Fcomments&post=108"}],"version-history":[{"count":0,"href":"https:\/\/logistika.fberg.tuke.sk\/index.php?rest_route=\/wp\/v2\/pages\/108\/revisions"}],"wp:attachment":[{"href":"https:\/\/logistika.fberg.tuke.sk\/index.php?rest_route=%2Fwp%2Fv2%2Fmedia&parent=108"}],"curies":[{"name":"wp","href":"https:\/\/api.w.org\/{rel}","templated":true}]}}