{"id":1523,"date":"2019-10-24T10:07:34","date_gmt":"2019-10-24T09:07:34","guid":{"rendered":"http:\/\/logistika.fberg.tuke.sk\/?page_id=1523"},"modified":"2022-12-10T13:14:01","modified_gmt":"2022-12-10T12:14:01","slug":"__trashed","status":"publish","type":"page","link":"https:\/\/logistika.fberg.tuke.sk\/?page_id=1523","title":{"rendered":"Vedenie \u00fastavu logistiky a dopravy"},"content":{"rendered":"\n<p class=\"has-text-align-center\" style=\"font-size:18px\">prof. Ing. Daniela <strong>Marasov\u00e1<\/strong>, CSc. \u2013 riadite\u013eka <\/p>\n\n\n\n<p class=\"has-text-align-center\">doc. Ing. Peter <strong>Bindz\u00e1r<\/strong>, PhD. \u2013 z\u00e1stupca riadite\u013eky<\/p>\n\n\n\n<p class=\"has-text-align-center\">doc. Ing. Janka <strong>\u0160aderov\u00e1<\/strong>, PhD. \u2013 tajomn\u00ed\u010dka <\/p>\n\n\n\n<div style=\"height:50px\" aria-hidden=\"true\" class=\"wp-block-spacer\"><\/div>\n\n\n\n<div class=\"wp-block-columns has-2-columns is-layout-flex wp-container-core-columns-layout-1 wp-block-columns-is-layout-flex\">\n<div class=\"wp-block-column is-layout-flow wp-block-column-is-layout-flow\"><\/div>\n\n\n\n<div class=\"wp-block-column is-layout-flow wp-block-column-is-layout-flow\"><\/div>\n<\/div>\n\n\n\n<p><\/p>\n","protected":false},"excerpt":{"rendered":"<p>prof. Ing. Daniela Marasov\u00e1, CSc. \u2013 riadite\u013eka doc. Ing. Peter Bindz\u00e1r, PhD. \u2013 z\u00e1stupca riadite\u013eky doc. Ing. Janka \u0160aderov\u00e1, PhD. \u2013 tajomn\u00ed\u010dka<\/p>\n","protected":false},"author":1,"featured_media":0,"parent":0,"menu_order":0,"comment_status":"closed","ping_status":"closed","template":"","meta":{"pgc_meta":"","footnotes":""},"pgc_meta":"","_links":{"self":[{"href":"https:\/\/logistika.fberg.tuke.sk\/index.php?rest_route=\/wp\/v2\/pages\/1523"}],"collection":[{"href":"https:\/\/logistika.fberg.tuke.sk\/index.php?rest_route=\/wp\/v2\/pages"}],"about":[{"href":"https:\/\/logistika.fberg.tuke.sk\/index.php?rest_route=\/wp\/v2\/types\/page"}],"author":[{"embeddable":true,"href":"https:\/\/logistika.fberg.tuke.sk\/index.php?rest_route=\/wp\/v2\/users\/1"}],"replies":[{"embeddable":true,"href":"https:\/\/logistika.fberg.tuke.sk\/index.php?rest_route=%2Fwp%2Fv2%2Fcomments&post=1523"}],"version-history":[{"count":0,"href":"https:\/\/logistika.fberg.tuke.sk\/index.php?rest_route=\/wp\/v2\/pages\/1523\/revisions"}],"wp:attachment":[{"href":"https:\/\/logistika.fberg.tuke.sk\/index.php?rest_route=%2Fwp%2Fv2%2Fmedia&parent=1523"}],"curies":[{"name":"wp","href":"https:\/\/api.w.org\/{rel}","templated":true}]}}