{"id":219,"date":"2017-11-10T09:46:04","date_gmt":"2017-11-10T08:46:04","guid":{"rendered":"http:\/\/ustavlogistiky.jecool.net\/?page_id=2"},"modified":"2017-11-23T16:37:01","modified_gmt":"2017-11-23T15:37:01","slug":"zkusebni-stranka-2","status":"publish","type":"page","link":"https:\/\/logistika.fberg.tuke.sk\/","title":{"rendered":"Aktuality"},"content":{"rendered":"<p><div class=\"pt-cv-wrapper\"><div class=\"pt-cv-view pt-cv-timeline pt-cv-left pt-cv-socialsc\" id=\"pt-cv-view-437abe1mea\"><div class=\"tl-spine\"><a href=\"#\"><\/a><\/div>\n<div class=\"tl-items\">\n<div class=\"tl-item pt-left\"><div class=\"tl-item-content\"><i class=\"tl-pointer\"><\/i><div class=\" pt-cv-content-item pt-cv-1-col\"  data-pid=\"911\"><h2 class=\"pt-cv-title\"><a href=\"https:\/\/logistika.fberg.tuke.sk\/?p=911\" class=\"pt-cv-lightbox cvplbd\" target=\"pt-cv-lightbox\" data-width=\"75\" data-height=\"75\" data-content-selector=\"#content\">Pokyny k \u0161t\u00e1tniciam a okruhy t\u00e9m \u0161t\u00e1tnicov\u00fdch predmetov<\/a><\/h2>\n<div class=\"pt-cv-meta-fields\"><span class=\"entry-date\"> <time datetime=\"2026-02-25T11:16:40+01:00\">25.2.2026<\/time><\/span><\/div>\n<div class=\"pt-cv-content\"><div class=\"pt-cv-rmwrap\"><a href=\"https:\/\/logistika.fberg.tuke.sk\/?p=911\" class=\"pt-cv-lightbox pt-cv-readmore btn btn-success cvplbd\" target=\"pt-cv-lightbox\" data-width=\"75\" data-height=\"75\" data-content-selector=\"#content\">\u010d\u00edta\u0165 viac ...<\/a><\/div><\/div>\n<div class=\"pt-cv-social-buttons\"><a href=\"https:\/\/www.facebook.com\/sharer\/sharer.php?u=https:\/\/logistika.fberg.tuke.sk\/?p=911\" class=\"pt-cv-social-facebook\" target=\"_blank\"><\/a><\/div><\/div><\/div><\/div>\n<div class=\"tl-item pt-right\"><div class=\"tl-item-content\"><i class=\"tl-pointer\"><\/i><div class=\" pt-cv-content-item pt-cv-1-col\"  data-pid=\"2111\"><h2 class=\"pt-cv-title\"><a href=\"https:\/\/logistika.fberg.tuke.sk\/?p=2111\" class=\"pt-cv-lightbox cvplbd\" target=\"pt-cv-lightbox\" data-width=\"75\" data-height=\"75\" data-content-selector=\"#content\">Oznam o obhajobe dizerta\u010dnej pr\u00e1ce<\/a><\/h2>\n<div class=\"pt-cv-meta-fields\"><span class=\"entry-date\"> <time datetime=\"2024-12-05T17:49:06+01:00\">5.12.2024<\/time><\/span><\/div>\n<div class=\"pt-cv-content\"><div class=\"pt-cv-rmwrap\"><a href=\"https:\/\/logistika.fberg.tuke.sk\/?p=2111\" class=\"pt-cv-lightbox pt-cv-readmore btn btn-success cvplbd\" target=\"pt-cv-lightbox\" data-width=\"75\" data-height=\"75\" data-content-selector=\"#content\">\u010d\u00edta\u0165 viac ...<\/a><\/div><\/div>\n<div class=\"pt-cv-social-buttons\"><a href=\"https:\/\/www.facebook.com\/sharer\/sharer.php?u=https:\/\/logistika.fberg.tuke.sk\/?p=2111\" class=\"pt-cv-social-facebook\" target=\"_blank\"><\/a><\/div><\/div><\/div><\/div>\n<\/div><\/div><\/div>\t\t\t<style type=\"text\/css\" id=\"pt-cv-inline-style-da08d83zfe\">#pt-cv-view-437abe1mea .pt-cv-title a, #pt-cv-view-437abe1mea  .panel-title { font-weight: 600 !important; }\n#pt-cv-view-437abe1mea .pt-cv-readmore  { font-style: italic !important; color: #ffffff !important; background-color: #00aeef !important; }\n#pt-cv-view-437abe1mea .pt-cv-readmore:hover  { color: #ffffff !important; background-color: #00aeef !important; }\n#pt-cv-view-437abe1mea .pt-cv-tao  { font-size: 20px !important; line-height: 1.3 !important; }\n#pt-cv-view-437abe1mea { text-align: left; }<\/style>\r\n\t\t\t<br \/>\n<!--[ultimate_post_list id=\"787\"]\n[post_list name='aaa']--><br \/>\n&nbsp;<\/p>\n<p><!--<\/span><\/p>\n\n\n\n\n<p style=\"text-align: left;\"><span style=\"font-size: 16pt;\"><span style=\"color: #ff6600;\">Pokyny a okruhy t\u00e9m k \u0161t\u00e1tnicov\u00fdm a z\u00e1vere\u010dn\u00fdm sk\u00fa\u0161kam<\/span><\/span><\/p>\n\n\n\n\n\n<ul>\n \t\n\n<li style=\"text-align: left;\"><span style=\"font-size: 12pt;\"><a href=\"http:\/\/logistika.fberg.tuke.sk\/wp-content\/uploads\/statnice\/Pokyny_k_Bc_\u0160ZS_ak.rok_2016_17.pdf\" target=\"_blank\">Pokyny k Bc \u0160ZS ak.rok 2016-17<\/a><\/span><\/li>\n\n\n \t\n\n<li style=\"text-align: left;\"><span style=\"font-size: 12pt;\"><a href=\"http:\/\/logistika.fberg.tuke.sk\/wp-content\/uploads\/statnice\/Pokyny_k_Ing_ \u0160ZS_ak.rok_2016_17.pdf\" target=\"_blank\">Pokyny k Ing \u0160ZS ak.rok 2016-17<\/a><\/span><\/li>\n\n\n \t\n\n<li style=\"text-align: left;\"><span style=\"font-size: 12pt;\"><a href=\"http:\/\/logistika.fberg.tuke.sk\/wp-content\/uploads\/statnice\/Okruhy_tem stat.predmetov_DLP_Bc_2017_denne.pdf\" target=\"_blank\">Okruhy t\u00e9m \u0161t\u00e1tnicov\u00fdch predmetov DLP BC 2017 denn\u00e9<\/a><\/span><\/li>\n\n\n \t\n\n<li style=\"text-align: left;\"><span style=\"font-size: 12pt;\"><a href=\"http:\/\/logistika.fberg.tuke.sk\/wp-content\/uploads\/statnice\/Okruhy_tem stat.predmetov_PLG_Bc_2017_denne.pdf\" target=\"_blank\">Okruhy tem stat.predmetov PLG BC 2017 denn\u00e9<\/a><\/span><\/li>\n\n\n \t\n\n<li style=\"text-align: left;\"><span style=\"font-size: 12pt;\"><a href=\"http:\/\/logistika.fberg.tuke.sk\/wp-content\/uploads\/statnice\/Okruhy_tem stat.predmetov_PLG_Ing_2017_denne_a_externe.pdf\" target=\"_blank\">Okruhy t\u00e9m \u0161t\u00e1tnicov\u00fdch predmetov PLG Ing 2017 denn\u00e9<\/a><\/span><\/li>\n\n\n \t\n\n<li style=\"text-align: left;\"><span style=\"font-size: 12pt;\"><a href=\"http:\/\/logistika.fberg.tuke.sk\/wp-content\/uploads\/statnice\/Okruhy_tem stat.predmetov_DLP_Ing_2017.pdf\" target=\"_blank\">Okruhy t\u00e9m \u0161t\u00e1tnicov\u00fdch predmetov DLP Ing 2017<\/a><\/span><\/li>\n\n\n<\/ul>\n\n\n<span style=\"font-size: 16pt;\"><span style=\"color: #ff6600;\">Fulbrightovo \u0161tipendium pre \u0161tudentov\n<\/span><\/span>\n\n\n<ul>\n \t\n\n<li style=\"text-align: left;\"><span style=\"font-size: 12pt;\"><a href=\"http:\/\/logistika.fberg.tuke.sk\/wp-content\/uploads\/plagat_pre_studentov_2017.pdf\" target=\"_blank\">Inform\u00e1cie<\/a><\/span><\/li>\n\n\n<\/ul>\n\n\n<span style=\"font-size: 16pt;\"><span style=\"color: #ff6600;\">\u0160tipendijn\u00fd pobyt v Rusku\n<\/span><\/span>\n\n\n<ul>\n \t\n\n<li style=\"text-align: left;\"><span style=\"font-size: 12pt;\"><a href=\"http:\/\/logistika.fberg.tuke.sk\/wp-content\/uploads\/UNESCO.docx\" target=\"_blank\">Inform\u00e1cie o \u0161tipendijnom pobyte v Rusku<\/a><\/span><\/li>\n\n\n<\/ul>\n\n\n&nbsp;\n\n<span style=\"font-size: 16pt;\"><span style=\"color: #ff6600;\">Pr\u00e1ca v logistike (Praha, Ostrava)\n<\/span><\/span>\n\n\n<ul>\n \t\n\n<li style=\"text-align: left;\"><span style=\"font-size: 12pt;\"><a href=\"http:\/\/www.jobs.cz\/rpd\/1177297569\/?rps=233\" target=\"_blank\">Pracovn\u00e1 pr\u00edle\u017eitos\u0165 v logistike - Rhenus Logistics s.r.o.<\/a><\/span><\/li>\n\n\n<\/ul>\n\n\n<span style=\"font-size: 16pt; color: #ff6600;\">De\u0148 kari\u00e9ry TUKE<\/span>\n\n\n<ul>\n \t\n\n<li style=\"text-align: left;\"><span style=\"font-size: 12pt;\"><a href=\"http:\/\/denkariery.tuke.sk\/\" target=\"_blank\">Viac inform\u00e1ci\u00ed<\/a><\/span><\/li>\n\n\n<\/ul>\n\n\n&nbsp;\n\n<span style=\"font-size: 16pt; color: #ff6600;\">Otvorenie v\u00fdzvy akcia Rak\u00fasko-Slovensko<\/span>\n\n\n<ul>\n \t\n\n<li style=\"text-align: left;\"><span style=\"font-size: 12pt;\"><a href=\"http:\/\/www.aktion.saia.sk\" target=\"_blank\">Otvorenie v\u00fdzvy akcia Rak\u00fasko-Slovensko<\/a><\/span><\/li>\n\n\n<\/ul>\n\n\n&nbsp;\n\n<span style=\"font-size: 16pt; color: #ff6600;\">\u0160tipendijn\u00fd program Huberta H. Humphreyho<\/span>\n\n\n<ul>\n \t\n\n<li style=\"text-align: left;\"><span style=\"font-size: 12pt;\"><a href=\"http:\/\/www.fulbright.sk\/ine-programy\/hubert-h-humphrey-stipendijny-program\" target=\"_blank\">\u0160tipendijn\u00fd program Huberta H. Humphreyho<\/a><\/span><\/li>\n\n\n<\/ul>\n\n\n&nbsp;--!>\n<\/p>\n","protected":false},"excerpt":{"rendered":"<p>&nbsp;<\/p>\n","protected":false},"author":1,"featured_media":0,"parent":0,"menu_order":0,"comment_status":"closed","ping_status":"open","template":"","meta":{"pgc_meta":"","footnotes":""},"pgc_meta":"","_links":{"self":[{"href":"https:\/\/logistika.fberg.tuke.sk\/index.php?rest_route=\/wp\/v2\/pages\/219"}],"collection":[{"href":"https:\/\/logistika.fberg.tuke.sk\/index.php?rest_route=\/wp\/v2\/pages"}],"about":[{"href":"https:\/\/logistika.fberg.tuke.sk\/index.php?rest_route=\/wp\/v2\/types\/page"}],"author":[{"embeddable":true,"href":"https:\/\/logistika.fberg.tuke.sk\/index.php?rest_route=\/wp\/v2\/users\/1"}],"replies":[{"embeddable":true,"href":"https:\/\/logistika.fberg.tuke.sk\/index.php?rest_route=%2Fwp%2Fv2%2Fcomments&post=219"}],"version-history":[{"count":0,"href":"https:\/\/logistika.fberg.tuke.sk\/index.php?rest_route=\/wp\/v2\/pages\/219\/revisions"}],"wp:attachment":[{"href":"https:\/\/logistika.fberg.tuke.sk\/index.php?rest_route=%2Fwp%2Fv2%2Fmedia&parent=219"}],"curies":[{"name":"wp","href":"https:\/\/api.w.org\/{rel}","templated":true}]}}