{"id":349,"date":"2016-02-17T20:01:43","date_gmt":"2016-02-17T19:01:43","guid":{"rendered":"http:\/\/logistika.fberg.tuke.sk\/?page_id=349"},"modified":"2016-05-16T21:32:58","modified_gmt":"2016-05-16T20:32:58","slug":"diskusia","status":"publish","type":"page","link":"https:\/\/logistika.fberg.tuke.sk\/?page_id=349","title":{"rendered":"Diskusia"},"content":{"rendered":"<p style=\"text-align: center;\"><span style=\"font-size: 16pt;\"><span style=\"color: #ff6600;\">Sem m\u00f4\u017ete p\u00edsa\u0165 svoje koment\u00e1re alebo diskutova\u0165<br \/>\n<\/span><\/span><\/p>\n","protected":false},"excerpt":{"rendered":"<p>Sem m\u00f4\u017ete p\u00edsa\u0165 svoje koment\u00e1re alebo diskutova\u0165<\/p>\n","protected":false},"author":1,"featured_media":0,"parent":0,"menu_order":0,"comment_status":"open","ping_status":"open","template":"page-template-full.php","meta":{"pgc_meta":"","footnotes":""},"pgc_meta":"","_links":{"self":[{"href":"https:\/\/logistika.fberg.tuke.sk\/index.php?rest_route=\/wp\/v2\/pages\/349"}],"collection":[{"href":"https:\/\/logistika.fberg.tuke.sk\/index.php?rest_route=\/wp\/v2\/pages"}],"about":[{"href":"https:\/\/logistika.fberg.tuke.sk\/index.php?rest_route=\/wp\/v2\/types\/page"}],"author":[{"embeddable":true,"href":"https:\/\/logistika.fberg.tuke.sk\/index.php?rest_route=\/wp\/v2\/users\/1"}],"replies":[{"embeddable":true,"href":"https:\/\/logistika.fberg.tuke.sk\/index.php?rest_route=%2Fwp%2Fv2%2Fcomments&post=349"}],"version-history":[{"count":0,"href":"https:\/\/logistika.fberg.tuke.sk\/index.php?rest_route=\/wp\/v2\/pages\/349\/revisions"}],"wp:attachment":[{"href":"https:\/\/logistika.fberg.tuke.sk\/index.php?rest_route=%2Fwp%2Fv2%2Fmedia&parent=349"}],"curies":[{"name":"wp","href":"https:\/\/api.w.org\/{rel}","templated":true}]}}