{"id":460,"date":"2016-04-17T21:40:29","date_gmt":"2016-04-17T20:40:29","guid":{"rendered":"http:\/\/logistika.fberg.tuke.sk\/?page_id=460"},"modified":"2017-11-18T11:54:55","modified_gmt":"2017-11-18T10:54:55","slug":"zo-zivota-ustavu","status":"publish","type":"page","link":"https:\/\/logistika.fberg.tuke.sk\/?page_id=460","title":{"rendered":"Zo \u017eivota \u00fastavu"},"content":{"rendered":"<div class=\"pt-cv-wrapper\"><div class=\"pt-cv-view pt-cv-grid pt-cv-colsys pt-cv-justify pt-cv-socialsc\" id=\"pt-cv-view-85ddb17jbc\"><div data-id=\"pt-cv-page-1\" class=\"pt-cv-page\" data-cvc=\"1\"><div class=\"col-md-12 col-sm-12 col-xs-12 pt-cv-content-item pt-cv-2-col\"  data-pid=\"2126\"><div class='pt-cv-ifield'><a href=\"https:\/\/logistika.fberg.tuke.sk\/?p=2126\" class=\"pt-cv-lightbox pt-cv-href-thumbnail pt-cv-thumb-left cvplbd\" target=\"pt-cv-lightbox\" data-width=\"75\" data-height=\"75\" data-content-selector=\"#content\"><img decoding=\"async\" width=\"150\" src=\"https:\/\/logistika.fberg.tuke.sk\/wp-content\/uploads\/IMG_20251015_104804-1024x768.jpg\" class=\"pt-cv-thumbnail img-none pull-left cvp-substitute\" alt=\"Workshop\" title=\"\" \/><\/a>\n<div class=\"pt-cv-colwrap\"><h3 class=\"pt-cv-title\"><a href=\"https:\/\/logistika.fberg.tuke.sk\/?p=2126\" class=\"pt-cv-lightbox cvplbd\" target=\"pt-cv-lightbox\" data-width=\"75\" data-height=\"75\" data-content-selector=\"#content\">Workshop<\/a><\/h3><div class=\"pt-cv-meta-fields\"><span class=\"entry-date\"> <time datetime=\"2025-10-23T09:36:53+01:00\">23.10.2025<\/time><\/span><\/div><div class=\"pt-cv-content\">D\u0148a 15.10.2025 sa uskuto\u010dnilo pracovn\u00e9 stretnutie - workshop s\u00a0n\u00e1zvom \u201cStrategick\u00e1 podpora firiem pre zabezpe\u010denie udr\u017eate\u013enej kvality procesov.\u201c Poslan\u00edm workshopu bolo predstavi\u0165 inov\u00e1cie a\u00a0strategick\u00e9 rie\u0161enia v\u00a0oblasti udr\u017eate\u013enosti v\u00fdrobn\u00fdch a\u00a0nev\u00fdrobn\u00fdch podnikov ako aj v\u00a0oblasti nakladania s\u00a0odpadmi a\u00a0odpadov\u00fdmi vodami. Poslan\u00edm workshopu bolo predstavenie mo\u017enost\u00ed so zameran\u00edm na neust\u00e1le zlep\u0161ovanie, inovovanie procesov v\u00a0organiz\u00e1ci\u00e1ch \/ ...<br \/><div class=\"pt-cv-rmwrap\"><a href=\"https:\/\/logistika.fberg.tuke.sk\/?p=2126\" class=\"pt-cv-lightbox pt-cv-readmore btn btn-success cvplbd\" target=\"pt-cv-lightbox\" data-width=\"75\" data-height=\"75\" data-content-selector=\"#content\">\u010c\u00edta\u0165 viac<\/a><\/div><\/div><div class=\"pt-cv-social-buttons\"><a href=\"https:\/\/www.facebook.com\/sharer\/sharer.php?u=https:\/\/logistika.fberg.tuke.sk\/?p=2126\" class=\"pt-cv-social-facebook\" target=\"_blank\"><\/a><a href=\"https:\/\/twitter.com\/intent\/tweet?url=https:\/\/logistika.fberg.tuke.sk\/?p=2126&#038;text=Workshop\" class=\"pt-cv-social-twitter\" target=\"_blank\"><\/a><\/div><\/div><\/div><\/div>\n<div class=\"col-md-12 col-sm-12 col-xs-12 pt-cv-content-item pt-cv-2-col\"  data-pid=\"1785\"><div class='pt-cv-ifield'><a href=\"https:\/\/logistika.fberg.tuke.sk\/?p=1785\" class=\"pt-cv-lightbox pt-cv-href-thumbnail pt-cv-thumb-left cvplbd\" target=\"pt-cv-lightbox\" data-width=\"75\" data-height=\"75\" data-content-selector=\"#content\"><img loading=\"lazy\" decoding=\"async\" width=\"150\" height=\"150\" src=\"https:\/\/logistika.fberg.tuke.sk\/wp-content\/uploads\/IMG_20210902_095355-150x150.jpg\" class=\"pt-cv-thumbnail img-none pull-left\" alt=\"Stretnutie katedier 2. \u2013 3. 9. 2021\" \/><\/a>\n<div class=\"pt-cv-colwrap\"><h3 class=\"pt-cv-title\"><a href=\"https:\/\/logistika.fberg.tuke.sk\/?p=1785\" class=\"pt-cv-lightbox cvplbd\" target=\"pt-cv-lightbox\" data-width=\"75\" data-height=\"75\" data-content-selector=\"#content\">Stretnutie katedier 2. \u2013 3. 9. 2021<\/a><\/h3><div class=\"pt-cv-meta-fields\"><span class=\"entry-date\"> <time datetime=\"2021-09-08T11:22:08+01:00\">8.9.2021<\/time><\/span><\/div><div class=\"pt-cv-content\">\u00dastav logistiky a dopravy FBERG TUKE v spolupr\u00e1ci so ZO Slovenskej ban\u00edckej spolo\u010dnosti pri FBERG zorganizoval 47. Medzin\u00e1rodn\u00fa vedeck\u00fa konferenciu katedier dopravn\u00fdch, manipula\u010dn\u00fdch, stavebn\u00fdch a po\u013enohospod\u00e1rskych strojov <a href=\"http:\/\/logistika.fberg.tuke.sk\/wp-content\/uploads\/Author_Information_Pack_KDMT-2021.pdf\">Author_Information_Pack_KDMT-2021<\/a><a href=\"http:\/\/logistika.fberg.tuke.sk\/wp-content\/uploads\/Author_Information_Pack_KDMT-2021.pdf\" class=\"wp-block-file__button\" download>Stiahnu\u0165<\/a> <a href=\"http:\/\/logistika.fberg.tuke.sk\/wp-content\/uploads\/KDMT-2021_Proceedings-1.pdf\">KDMT-2021_Proceedings-1<\/a><a href=\"http:\/\/logistika.fberg.tuke.sk\/wp-content\/uploads\/KDMT-2021_Proceedings-1.pdf\" class=\"wp-block-file__button\" download>Stiahnu\u0165<\/a> <a href=\"http:\/\/logistika.fberg.tuke.sk\/wp-content\/uploads\/POZVANKA-KDMT-2021-2.pdf\">POZVANKA-KDMT-2021-2<\/a><a href=\"http:\/\/logistika.fberg.tuke.sk\/wp-content\/uploads\/POZVANKA-KDMT-2021-2.pdf\" class=\"wp-block-file__button\" download>Stiahnu\u0165<\/a> <a href=\"http:\/\/logistika.fberg.tuke.sk\/wp-content\/uploads\/template_KDMT-2021-2.doc\">template_KDMT-2021-2<\/a><a href=\"http:\/\/logistika.fberg.tuke.sk\/wp-content\/uploads\/template_KDMT-2021-2.doc\" class=\"wp-block-file__button\" download>Stiahnu\u0165<\/a> <ul class=\"blocks-gallery-grid\"><li class=\"blocks-gallery-item\"><\/li><li class=\"blocks-gallery-item\"><\/li><li class=\"blocks-gallery-item\"><\/li><li class=\"blocks-gallery-item\"><\/li><li class=\"blocks-gallery-item\"><\/li><li class=\"blocks-gallery-item\"><\/li><li class=\"blocks-gallery-item\"><\/li><li class=\"blocks-gallery-item\"><\/li><li class=\"blocks-gallery-item\"><\/li><li class=\"blocks-gallery-item\"><\/li><li class=\"blocks-gallery-item\"><\/li><li class=\"blocks-gallery-item\"><\/li><li class=\"blocks-gallery-item\"><\/li><li class=\"blocks-gallery-item\"><\/li><li class=\"blocks-gallery-item\"><\/li><li class=\"blocks-gallery-item\"><\/li><li class=\"blocks-gallery-item\"><\/li><li class=\"blocks-gallery-item\"><\/li><li class=\"blocks-gallery-item\"><\/li><li class=\"blocks-gallery-item\"><\/li><li class=\"blocks-gallery-item\"><\/li><li class=\"blocks-gallery-item\"><\/li><li class=\"blocks-gallery-item\"><\/li><li class=\"blocks-gallery-item\"><\/li><li class=\"blocks-gallery-item\"><\/li><li class=\"blocks-gallery-item\"><\/li><li class=\"blocks-gallery-item\"><\/li><li class=\"blocks-gallery-item\"><\/li><li class=\"blocks-gallery-item\"><\/li><li class=\"blocks-gallery-item\"><\/li><li class=\"blocks-gallery-item\"><\/li><li class=\"blocks-gallery-item\"><\/li><li class=\"blocks-gallery-item\"><\/li><\/ul> ...<br \/><div class=\"pt-cv-rmwrap\"><a href=\"https:\/\/logistika.fberg.tuke.sk\/?p=1785\" class=\"pt-cv-lightbox pt-cv-readmore btn btn-success cvplbd\" target=\"pt-cv-lightbox\" data-width=\"75\" data-height=\"75\" data-content-selector=\"#content\">\u010c\u00edta\u0165 viac<\/a><\/div><\/div><div class=\"pt-cv-social-buttons\"><a href=\"https:\/\/www.facebook.com\/sharer\/sharer.php?u=https:\/\/logistika.fberg.tuke.sk\/?p=1785\" class=\"pt-cv-social-facebook\" target=\"_blank\"><\/a><a href=\"https:\/\/twitter.com\/intent\/tweet?url=https:\/\/logistika.fberg.tuke.sk\/?p=1785&#038;text=Stretnutie+katedier+2.+%E2%80%93+3.+9.+2021\" class=\"pt-cv-social-twitter\" target=\"_blank\"><\/a><\/div><\/div><\/div><\/div>\n<div class=\"col-md-12 col-sm-12 col-xs-12 pt-cv-content-item pt-cv-2-col\"  data-pid=\"1758\"><div class='pt-cv-ifield'><a href=\"https:\/\/logistika.fberg.tuke.sk\/?p=1758\" class=\"pt-cv-lightbox pt-cv-href-thumbnail pt-cv-thumb-left cvplbd\" target=\"pt-cv-lightbox\" data-width=\"75\" data-height=\"75\" data-content-selector=\"#content\"><img loading=\"lazy\" decoding=\"async\" width=\"150\" height=\"150\" src=\"https:\/\/logistika.fberg.tuke.sk\/wp-content\/uploads\/marcela-150x150.png\" class=\"pt-cv-thumbnail img-none pull-left\" alt=\"Workshop &quot;Udr\u017eate\u013enos\u0165 a Logistika odpadov&quot;\" \/><\/a>\n<div class=\"pt-cv-colwrap\"><h3 class=\"pt-cv-title\"><a href=\"https:\/\/logistika.fberg.tuke.sk\/?p=1758\" class=\"pt-cv-lightbox cvplbd\" target=\"pt-cv-lightbox\" data-width=\"75\" data-height=\"75\" data-content-selector=\"#content\">Workshop &#8222;Udr\u017eate\u013enos\u0165 a Logistika odpadov&#8220;<\/a><\/h3><div class=\"pt-cv-meta-fields\"><span class=\"entry-date\"> <time datetime=\"2021-06-04T11:41:06+01:00\">4.6.2021<\/time><\/span><\/div><div class=\"pt-cv-content\">D\u0148a 15.04.2021 sa uskuto\u010dnila vedeck\u00e1 konferencia - workshop s n\u00e1zvom Udr\u017eate\u013enos\u0165 a Logistika odpadov, on-line prostredn\u00edctvom platformy Microsoft Teams. Poslan\u00edm vedeckej konferencie \u2013 workshopu bola v\u00fdmena inform\u00e1ci\u00ed a sk\u00fasenost\u00ed z oblasti integrovan\u00fdch syst\u00e9moch nakladania s odpadmi, ale aj zv\u00fd\u0161enie povedomia a zmeny pr\u00edstupu firiem k ot\u00e1zkam trvalo udr\u017eate\u013en\u00e9ho rozvoja (TUR), ...<br \/><div class=\"pt-cv-rmwrap\"><a href=\"https:\/\/logistika.fberg.tuke.sk\/?p=1758\" class=\"pt-cv-lightbox pt-cv-readmore btn btn-success cvplbd\" target=\"pt-cv-lightbox\" data-width=\"75\" data-height=\"75\" data-content-selector=\"#content\">\u010c\u00edta\u0165 viac<\/a><\/div><\/div><div class=\"pt-cv-social-buttons\"><a href=\"https:\/\/www.facebook.com\/sharer\/sharer.php?u=https:\/\/logistika.fberg.tuke.sk\/?p=1758\" class=\"pt-cv-social-facebook\" target=\"_blank\"><\/a><a href=\"https:\/\/twitter.com\/intent\/tweet?url=https:\/\/logistika.fberg.tuke.sk\/?p=1758&#038;text=Workshop+%26%238222%3BUdr%C5%BEate%C4%BEnos%C5%A5+a+Logistika+odpadov%26%238220%3B\" class=\"pt-cv-social-twitter\" target=\"_blank\"><\/a><\/div><\/div><\/div><\/div>\n<div class=\"col-md-12 col-sm-12 col-xs-12 pt-cv-content-item pt-cv-2-col\"  data-pid=\"1603\"><div class='pt-cv-ifield'><a href=\"https:\/\/logistika.fberg.tuke.sk\/?p=1603\" class=\"pt-cv-lightbox pt-cv-href-thumbnail pt-cv-thumb-left cvplbd\" target=\"pt-cv-lightbox\" data-width=\"75\" data-height=\"75\" data-content-selector=\"#content\"><img decoding=\"async\" width=\"150\" src=\"http:\/\/logistika.fberg.tuke.sk\/wp-content\/uploads\/svedsko.png\" class=\"pt-cv-thumbnail img-none pull-left cvp-substitute\" alt=\"Projektov\u00fd m\u00edting a study visit vo \u0160v\u00e9dsku\" title=\"\" \/><\/a>\n<div class=\"pt-cv-colwrap\"><h3 class=\"pt-cv-title\"><a href=\"https:\/\/logistika.fberg.tuke.sk\/?p=1603\" class=\"pt-cv-lightbox cvplbd\" target=\"pt-cv-lightbox\" data-width=\"75\" data-height=\"75\" data-content-selector=\"#content\">Projektov\u00fd m\u00edting a study visit vo \u0160v\u00e9dsku<\/a><\/h3><div class=\"pt-cv-meta-fields\"><span class=\"entry-date\"> <time datetime=\"2019-11-05T11:33:22+01:00\">5.11.2019<\/time><\/span><\/div><div class=\"pt-cv-content\">V d\u0148och 4.11.2019 - 6.11.2019 prebehol projektov\u00fd m\u00edting spojen\u00fd so \u0161tudijn\u00fdm pobytom vo \u0161v\u00e9dskom \u0160tockholme a ne\u010falekom V\u00e4sterase. T\u00e9mou boli modern\u00e9 trendy a inteligentn\u00e9 technol\u00f3gie v \u017eelezni\u010dnej doprave a logistika. Na\u0161e pracovisko tam reprezentoval <strong>doc. Ing. Peter Bindz\u00e1r, PhD<\/strong>. <br \/> <ul class=\"wp-block-gallery columns-3 is-cropped\"><li class=\"blocks-gallery-item\"><\/li><li class=\"blocks-gallery-item\"><\/li><li class=\"blocks-gallery-item\"><\/li><\/ul> ...<br \/><div class=\"pt-cv-rmwrap\"><a href=\"https:\/\/logistika.fberg.tuke.sk\/?p=1603\" class=\"pt-cv-lightbox pt-cv-readmore btn btn-success cvplbd\" target=\"pt-cv-lightbox\" data-width=\"75\" data-height=\"75\" data-content-selector=\"#content\">\u010c\u00edta\u0165 viac<\/a><\/div><\/div><div class=\"pt-cv-social-buttons\"><a href=\"https:\/\/www.facebook.com\/sharer\/sharer.php?u=https:\/\/logistika.fberg.tuke.sk\/?p=1603\" class=\"pt-cv-social-facebook\" target=\"_blank\"><\/a><a href=\"https:\/\/twitter.com\/intent\/tweet?url=https:\/\/logistika.fberg.tuke.sk\/?p=1603&#038;text=Projektov%C3%BD+m%C3%ADting+a+study+visit+vo+%C5%A0v%C3%A9dsku\" class=\"pt-cv-social-twitter\" target=\"_blank\"><\/a><\/div><\/div><\/div><\/div>\n<div class=\"col-md-12 col-sm-12 col-xs-12 pt-cv-content-item pt-cv-2-col\"  data-pid=\"1516\"><div class='pt-cv-ifield'><a href=\"https:\/\/logistika.fberg.tuke.sk\/?p=1516\" class=\"pt-cv-lightbox pt-cv-href-thumbnail pt-cv-thumb-left cvplbd\" target=\"pt-cv-lightbox\" data-width=\"75\" data-height=\"75\" data-content-selector=\"#content\"><img decoding=\"async\" width=\"150\" src=\"http:\/\/logistika.fberg.tuke.sk\/wp-content\/uploads\/IMG_20190926_111521-768x1024.jpg\" class=\"pt-cv-thumbnail img-none pull-left cvp-substitute\" alt=\"Konferencia vo Vrdniku\" title=\"\" \/><\/a>\n<div class=\"pt-cv-colwrap\"><h3 class=\"pt-cv-title\"><a href=\"https:\/\/logistika.fberg.tuke.sk\/?p=1516\" class=\"pt-cv-lightbox cvplbd\" target=\"pt-cv-lightbox\" data-width=\"75\" data-height=\"75\" data-content-selector=\"#content\">Konferencia vo Vrdniku<\/a><\/h3><div class=\"pt-cv-meta-fields\"><span class=\"entry-date\"> <time datetime=\"2019-09-28T11:35:39+01:00\">28.9.2019<\/time><\/span><\/div><div class=\"pt-cv-content\">Od 25.9.2019 do 28.9.2019 sa na\u0161i pracovn\u00edci, prof. Marasov\u00e1, prof. Fedorko, doc. Bindz\u00e1r a doc. \u0160aderov\u00e1 z\u00fa\u010dastnili konferencie MEP 2019 v srbskom Vrdniku <ul class=\"wp-block-gallery columns-3 is-cropped\"><li class=\"blocks-gallery-item\"><\/li><li class=\"blocks-gallery-item\"><\/li><li class=\"blocks-gallery-item\"><\/li><li class=\"blocks-gallery-item\"><\/li><\/ul> ...<br \/><div class=\"pt-cv-rmwrap\"><a href=\"https:\/\/logistika.fberg.tuke.sk\/?p=1516\" class=\"pt-cv-lightbox pt-cv-readmore btn btn-success cvplbd\" target=\"pt-cv-lightbox\" data-width=\"75\" data-height=\"75\" data-content-selector=\"#content\">\u010c\u00edta\u0165 viac<\/a><\/div><\/div><div class=\"pt-cv-social-buttons\"><a href=\"https:\/\/www.facebook.com\/sharer\/sharer.php?u=https:\/\/logistika.fberg.tuke.sk\/?p=1516\" class=\"pt-cv-social-facebook\" target=\"_blank\"><\/a><a href=\"https:\/\/twitter.com\/intent\/tweet?url=https:\/\/logistika.fberg.tuke.sk\/?p=1516&#038;text=Konferencia+vo+Vrdniku\" class=\"pt-cv-social-twitter\" target=\"_blank\"><\/a><\/div><\/div><\/div><\/div>\n<div class=\"col-md-12 col-sm-12 col-xs-12 pt-cv-content-item pt-cv-2-col\"  data-pid=\"1512\"><div class='pt-cv-ifield'><a href=\"https:\/\/logistika.fberg.tuke.sk\/?p=1512\" class=\"pt-cv-lightbox pt-cv-href-thumbnail pt-cv-thumb-left cvplbd\" target=\"pt-cv-lightbox\" data-width=\"75\" data-height=\"75\" data-content-selector=\"#content\"><img decoding=\"async\" width=\"150\" src=\"http:\/\/logistika.fberg.tuke.sk\/wp-content\/uploads\/20190912_101853-1024x576.jpg\" class=\"pt-cv-thumbnail img-none pull-left cvp-substitute\" alt=\"N\u00e1v\u0161teva z F\u00ednska\" title=\"\" \/><\/a>\n<div class=\"pt-cv-colwrap\"><h3 class=\"pt-cv-title\"><a href=\"https:\/\/logistika.fberg.tuke.sk\/?p=1512\" class=\"pt-cv-lightbox cvplbd\" target=\"pt-cv-lightbox\" data-width=\"75\" data-height=\"75\" data-content-selector=\"#content\">N\u00e1v\u0161teva z F\u00ednska<\/a><\/h3><div class=\"pt-cv-meta-fields\"><span class=\"entry-date\"> <time datetime=\"2019-09-13T07:20:15+01:00\">13.9.2019<\/time><\/span><\/div><div class=\"pt-cv-content\">Na n\u00e1v\u0161tevu \u00dastavu logistiky a dopravy fakulty BERG pri\u0161li dvaja profesori z F\u00ednska, prof. Josu Takala (University of Vaasa) a prof. Pekka Ruuskanen (University of Tampere). Vz\u00e1cna n\u00e1v\u0161teva bola prijat\u00e1 aj veden\u00edm Technickej univerzity v Ko\u0161iciach prorektorom pre vedu, v\u00fdskum a doktorandsk\u00e9 \u0161t\u00fadium: prof. Ing. Ivo Petr\u00e1\u0161, DrSc. a prorektorom ...<br \/><div class=\"pt-cv-rmwrap\"><a href=\"https:\/\/logistika.fberg.tuke.sk\/?p=1512\" class=\"pt-cv-lightbox pt-cv-readmore btn btn-success cvplbd\" target=\"pt-cv-lightbox\" data-width=\"75\" data-height=\"75\" data-content-selector=\"#content\">\u010c\u00edta\u0165 viac<\/a><\/div><\/div><div class=\"pt-cv-social-buttons\"><a href=\"https:\/\/www.facebook.com\/sharer\/sharer.php?u=https:\/\/logistika.fberg.tuke.sk\/?p=1512\" class=\"pt-cv-social-facebook\" target=\"_blank\"><\/a><a href=\"https:\/\/twitter.com\/intent\/tweet?url=https:\/\/logistika.fberg.tuke.sk\/?p=1512&#038;text=N%C3%A1v%C5%A1teva+z+F%C3%ADnska\" class=\"pt-cv-social-twitter\" target=\"_blank\"><\/a><\/div><\/div><\/div><\/div>\n<div class=\"col-md-12 col-sm-12 col-xs-12 pt-cv-content-item pt-cv-2-col\"  data-pid=\"1508\"><div class='pt-cv-ifield'><a href=\"https:\/\/logistika.fberg.tuke.sk\/?p=1508\" class=\"pt-cv-lightbox pt-cv-href-thumbnail pt-cv-thumb-left cvplbd\" target=\"pt-cv-lightbox\" data-width=\"75\" data-height=\"75\" data-content-selector=\"#content\"><img decoding=\"async\" width=\"150\" src=\"http:\/\/logistika.fberg.tuke.sk\/wp-content\/uploads\/IMG_20190905_100500-768x1024.jpg\" class=\"pt-cv-thumbnail img-none pull-left cvp-substitute\" alt=\"Konferencia v Liptovskom J\u00e1ne\" title=\"\" \/><\/a>\n<div class=\"pt-cv-colwrap\"><h3 class=\"pt-cv-title\"><a href=\"https:\/\/logistika.fberg.tuke.sk\/?p=1508\" class=\"pt-cv-lightbox cvplbd\" target=\"pt-cv-lightbox\" data-width=\"75\" data-height=\"75\" data-content-selector=\"#content\">Konferencia v Liptovskom J\u00e1ne<\/a><\/h3><div class=\"pt-cv-meta-fields\"><span class=\"entry-date\"> <time datetime=\"2019-09-09T12:22:34+01:00\">9.9.2019<\/time><\/span><\/div><div class=\"pt-cv-content\">V d\u0148och 03.09. - 06.09.2019 sa Ing. \u013dubom\u00edr Ambri\u0161ko, PhD. s prof. Ing. Danielou Marasovou, CSc. z\u00fa\u010dastnili na medzin\u00e1rodnej konferencii MMS 2019 v Liptovskom J\u00e1ne.<br \/> <ul class=\"wp-block-gallery columns-2 is-cropped\"><li class=\"blocks-gallery-item\"><\/li><li class=\"blocks-gallery-item\"><\/li><\/ul> ...<br \/><div class=\"pt-cv-rmwrap\"><a href=\"https:\/\/logistika.fberg.tuke.sk\/?p=1508\" class=\"pt-cv-lightbox pt-cv-readmore btn btn-success cvplbd\" target=\"pt-cv-lightbox\" data-width=\"75\" data-height=\"75\" data-content-selector=\"#content\">\u010c\u00edta\u0165 viac<\/a><\/div><\/div><div class=\"pt-cv-social-buttons\"><a href=\"https:\/\/www.facebook.com\/sharer\/sharer.php?u=https:\/\/logistika.fberg.tuke.sk\/?p=1508\" class=\"pt-cv-social-facebook\" target=\"_blank\"><\/a><a href=\"https:\/\/twitter.com\/intent\/tweet?url=https:\/\/logistika.fberg.tuke.sk\/?p=1508&#038;text=Konferencia+v+Liptovskom+J%C3%A1ne\" class=\"pt-cv-social-twitter\" target=\"_blank\"><\/a><\/div><\/div><\/div><\/div>\n<div class=\"col-md-12 col-sm-12 col-xs-12 pt-cv-content-item pt-cv-2-col\"  data-pid=\"1495\"><div class='pt-cv-ifield'><a href=\"https:\/\/logistika.fberg.tuke.sk\/?p=1495\" class=\"pt-cv-lightbox pt-cv-href-thumbnail pt-cv-thumb-left cvplbd\" target=\"pt-cv-lightbox\" data-width=\"75\" data-height=\"75\" data-content-selector=\"#content\"><img decoding=\"async\" width=\"150\" src=\"http:\/\/logistika.fberg.tuke.sk\/wp-content\/uploads\/20190704_202311.jpg\" class=\"pt-cv-thumbnail img-none pull-left cvp-substitute\" alt=\"Erasmus+ vo F\u00ednsku\" title=\"\" \/><\/a>\n<div class=\"pt-cv-colwrap\"><h3 class=\"pt-cv-title\"><a href=\"https:\/\/logistika.fberg.tuke.sk\/?p=1495\" class=\"pt-cv-lightbox cvplbd\" target=\"pt-cv-lightbox\" data-width=\"75\" data-height=\"75\" data-content-selector=\"#content\">Erasmus+ vo F\u00ednsku<\/a><\/h3><div class=\"pt-cv-meta-fields\"><span class=\"entry-date\"> <time datetime=\"2019-07-10T09:16:07+01:00\">10.7.2019<\/time><\/span><\/div><div class=\"pt-cv-content\">V d\u0148och 3.-10. J\u00fal 2019, pracovn\u00edci \u00dastavu logistiky a dopravy, doc. Ing. Martin Straka, PhD. a doc. Ing. Andrea Rosov\u00e1, PhD., nav\u0161t\u00edvili spolupracuj\u00facu organiz\u00e1ciu na Univerzite vo Vaasa, F\u00ednsko. N\u00e1v\u0161teva sa konala v r\u00e1mci zahrani\u010dnej mobility u\u010dite\u013eov ERASMUS+. Pr\u00edmorsk\u00e1 Univerzita vo Vaasa je situovan\u00e1 v kr\u00e1snom prostred\u00ed. Niekdaj\u0161ia star\u00e1 chemick\u00e1 ...<br \/><div class=\"pt-cv-rmwrap\"><a href=\"https:\/\/logistika.fberg.tuke.sk\/?p=1495\" class=\"pt-cv-lightbox pt-cv-readmore btn btn-success cvplbd\" target=\"pt-cv-lightbox\" data-width=\"75\" data-height=\"75\" data-content-selector=\"#content\">\u010c\u00edta\u0165 viac<\/a><\/div><\/div><div class=\"pt-cv-social-buttons\"><a href=\"https:\/\/www.facebook.com\/sharer\/sharer.php?u=https:\/\/logistika.fberg.tuke.sk\/?p=1495\" class=\"pt-cv-social-facebook\" target=\"_blank\"><\/a><a href=\"https:\/\/twitter.com\/intent\/tweet?url=https:\/\/logistika.fberg.tuke.sk\/?p=1495&#038;text=Erasmus%2B+vo+F%C3%ADnsku\" class=\"pt-cv-social-twitter\" target=\"_blank\"><\/a><\/div><\/div><\/div><\/div>\n<div class=\"col-md-12 col-sm-12 col-xs-12 pt-cv-content-item pt-cv-2-col\"  data-pid=\"1485\"><div class='pt-cv-ifield'><a href=\"https:\/\/logistika.fberg.tuke.sk\/?p=1485\" class=\"pt-cv-lightbox pt-cv-href-thumbnail pt-cv-thumb-left cvplbd\" target=\"pt-cv-lightbox\" data-width=\"75\" data-height=\"75\" data-content-selector=\"#content\"><img decoding=\"async\" width=\"150\" src=\"http:\/\/logistika.fberg.tuke.sk\/wp-content\/uploads\/IMG_20190630_114834-768x1024.jpg\" class=\"pt-cv-thumbnail img-none pull-left cvp-substitute\" alt=\"Na\u0161i pracovn\u00edci na SGEM 2019 v Albene\" title=\"\" \/><\/a>\n<div class=\"pt-cv-colwrap\"><h3 class=\"pt-cv-title\"><a href=\"https:\/\/logistika.fberg.tuke.sk\/?p=1485\" class=\"pt-cv-lightbox cvplbd\" target=\"pt-cv-lightbox\" data-width=\"75\" data-height=\"75\" data-content-selector=\"#content\">Na\u0161i pracovn\u00edci na SGEM 2019 v Albene<\/a><\/h3><div class=\"pt-cv-meta-fields\"><span class=\"entry-date\"> <time datetime=\"2019-07-07T13:14:33+01:00\">7.7.2019<\/time><\/span><\/div><div class=\"pt-cv-content\">V d\u0148och 28.06. - 07.07.2019 sa s prof. Ing. Daniela Marasov\u00e1, CSc., doc. Ing. Janka \u0160aderov\u00e1, PhD. a Ing. \u013dubom\u00edr Ambri\u0161ko akt\u00edvne z\u00fa\u010dastnili na medzin\u00e1rodnej konferencii SGEM 2019 v Albene (Bulharsko).\u00a0 <ul class=\"wp-block-gallery columns-3 is-cropped\"><li class=\"blocks-gallery-item\"><\/li><li class=\"blocks-gallery-item\"><\/li><li class=\"blocks-gallery-item\"><\/li><li class=\"blocks-gallery-item\"><\/li><li class=\"blocks-gallery-item\"><\/li><li class=\"blocks-gallery-item\"><\/li><\/ul> ...<br \/><div class=\"pt-cv-rmwrap\"><a href=\"https:\/\/logistika.fberg.tuke.sk\/?p=1485\" class=\"pt-cv-lightbox pt-cv-readmore btn btn-success cvplbd\" target=\"pt-cv-lightbox\" data-width=\"75\" data-height=\"75\" data-content-selector=\"#content\">\u010c\u00edta\u0165 viac<\/a><\/div><\/div><div class=\"pt-cv-social-buttons\"><a href=\"https:\/\/www.facebook.com\/sharer\/sharer.php?u=https:\/\/logistika.fberg.tuke.sk\/?p=1485\" class=\"pt-cv-social-facebook\" target=\"_blank\"><\/a><a href=\"https:\/\/twitter.com\/intent\/tweet?url=https:\/\/logistika.fberg.tuke.sk\/?p=1485&#038;text=Na%C5%A1i+pracovn%C3%ADci+na+SGEM+2019+v+Albene\" class=\"pt-cv-social-twitter\" target=\"_blank\"><\/a><\/div><\/div><\/div><\/div>\n<div class=\"col-md-12 col-sm-12 col-xs-12 pt-cv-content-item pt-cv-2-col\"  data-pid=\"1447\"><div class='pt-cv-ifield'><a href=\"https:\/\/logistika.fberg.tuke.sk\/?p=1447\" class=\"pt-cv-lightbox pt-cv-href-thumbnail pt-cv-thumb-left cvplbd\" target=\"pt-cv-lightbox\" data-width=\"75\" data-height=\"75\" data-content-selector=\"#content\"><img decoding=\"async\" width=\"150\" src=\"http:\/\/logistika.fberg.tuke.sk\/wp-content\/uploads\/IMG_20190617_181941-1-1024x768.jpg\" class=\"pt-cv-thumbnail img-none pull-left cvp-substitute\" alt=\"Study visit v talianskom tosk\u00e1nsku\" title=\"\" \/><\/a>\n<div class=\"pt-cv-colwrap\"><h3 class=\"pt-cv-title\"><a href=\"https:\/\/logistika.fberg.tuke.sk\/?p=1447\" class=\"pt-cv-lightbox cvplbd\" target=\"pt-cv-lightbox\" data-width=\"75\" data-height=\"75\" data-content-selector=\"#content\">Study visit v talianskom tosk\u00e1nsku<\/a><\/h3><div class=\"pt-cv-meta-fields\"><span class=\"entry-date\"> <time datetime=\"2019-06-24T10:13:07+01:00\">24.6.2019<\/time><\/span><\/div><div class=\"pt-cv-content\">V d\u0148och 15.6. - 21.5.2019 sa doc. Ing. Peter Bindz\u00e1r, PhD. z\u00fa\u010dastnil \u0161tudijn\u00e9ho pobytu v slne\u010dnom Tosk\u00e1nsku v Taliansku. V r\u00e1mci pobytu sa konal aj projektov\u00fd m\u00edting z oblasti \u017eelezni\u010dnej dopravy a bolo nav\u0161t\u00edven\u00e9 depo elektri\u010dkovej dopravy vo Florencii ako i depo a opravovne n\u00e1rodn\u00e9ho \u017eelezni\u010dn\u00e9ho dopravcu Trenitalia ako i ...<br \/><div class=\"pt-cv-rmwrap\"><a href=\"https:\/\/logistika.fberg.tuke.sk\/?p=1447\" class=\"pt-cv-lightbox pt-cv-readmore btn btn-success cvplbd\" target=\"pt-cv-lightbox\" data-width=\"75\" data-height=\"75\" data-content-selector=\"#content\">\u010c\u00edta\u0165 viac<\/a><\/div><\/div><div class=\"pt-cv-social-buttons\"><a href=\"https:\/\/www.facebook.com\/sharer\/sharer.php?u=https:\/\/logistika.fberg.tuke.sk\/?p=1447\" class=\"pt-cv-social-facebook\" target=\"_blank\"><\/a><a href=\"https:\/\/twitter.com\/intent\/tweet?url=https:\/\/logistika.fberg.tuke.sk\/?p=1447&#038;text=Study+visit+v+talianskom+tosk%C3%A1nsku\" class=\"pt-cv-social-twitter\" target=\"_blank\"><\/a><\/div><\/div><\/div><\/div><\/div><\/div><\/div>\t\t\t<style type=\"text\/css\" id=\"pt-cv-inline-style-58c04f9tf2\">#pt-cv-view-85ddb17jbc .pt-cv-content-item { padding-bottom: 16px !important; }\n#pt-cv-view-85ddb17jbc  { margin-top: 0px !important; margin-bottom: 0px !important; }\n#pt-cv-view-85ddb17jbc .pt-cv-ifield { padding-top: 0px !important; padding-right: 0px !important; padding-bottom: 0px !important; padding-left: 0px !important; }\n#pt-cv-view-85ddb17jbc  .pt-cv-ifield   { background-color: rgba(30,115,190,0.05) !important; }\n#pt-cv-view-85ddb17jbc .pt-cv-title a, #pt-cv-view-85ddb17jbc  .panel-title { font-weight: 600 !important; }\n#pt-cv-view-85ddb17jbc .pt-cv-readmore  { color: #ffffff !important; background-color: #00aeef !important; }\n#pt-cv-view-85ddb17jbc .pt-cv-readmore:hover  { color: #ffffff !important; background-color: #00aeef !important; }\n#pt-cv-view-85ddb17jbc .pt-cv-tao  { font-size: 20px !important; line-height: 1.3 !important; }\n#pt-cv-view-85ddb17jbc { text-align: justify; }<\/style>\r\n\t\t\t\n","protected":false},"excerpt":{"rendered":"","protected":false},"author":1,"featured_media":0,"parent":0,"menu_order":0,"comment_status":"closed","ping_status":"closed","template":"","meta":{"pgc_meta":"","footnotes":""},"pgc_meta":"","_links":{"self":[{"href":"https:\/\/logistika.fberg.tuke.sk\/index.php?rest_route=\/wp\/v2\/pages\/460"}],"collection":[{"href":"https:\/\/logistika.fberg.tuke.sk\/index.php?rest_route=\/wp\/v2\/pages"}],"about":[{"href":"https:\/\/logistika.fberg.tuke.sk\/index.php?rest_route=\/wp\/v2\/types\/page"}],"author":[{"embeddable":true,"href":"https:\/\/logistika.fberg.tuke.sk\/index.php?rest_route=\/wp\/v2\/users\/1"}],"replies":[{"embeddable":true,"href":"https:\/\/logistika.fberg.tuke.sk\/index.php?rest_route=%2Fwp%2Fv2%2Fcomments&post=460"}],"version-history":[{"count":0,"href":"https:\/\/logistika.fberg.tuke.sk\/index.php?rest_route=\/wp\/v2\/pages\/460\/revisions"}],"wp:attachment":[{"href":"https:\/\/logistika.fberg.tuke.sk\/index.php?rest_route=%2Fwp%2Fv2%2Fmedia&parent=460"}],"curies":[{"name":"wp","href":"https:\/\/api.w.org\/{rel}","templated":true}]}}