{"id":55,"date":"2016-01-05T12:16:12","date_gmt":"2016-01-05T11:16:12","guid":{"rendered":"http:\/\/ustavlogistiky.jecool.net\/?page_id=55"},"modified":"2022-12-07T17:07:18","modified_gmt":"2022-12-07T16:07:18","slug":"nase-pracoviska","status":"publish","type":"page","link":"https:\/\/logistika.fberg.tuke.sk\/?page_id=55","title":{"rendered":"Na\u0161e pracovisk\u00e1"},"content":{"rendered":"<blockquote class=\"wp-embedded-content\" data-secret=\"j3CabRJW9n\"><p><a href=\"http:\/\/logistika.fberg.tuke.sk\/?page_id=106\">Slovensk\u00e9 centrum logistiky<\/a><\/p><\/blockquote>\n<p><iframe class=\"wp-embedded-content\" sandbox=\"allow-scripts\" security=\"restricted\" style=\"position: absolute; clip: rect(1px, 1px, 1px, 1px);\" title=\"&#8220;Slovensk\u00e9 centrum logistiky&#8221; &#8212; \u00dastav logistiky a dopravy\" src=\"http:\/\/logistika.fberg.tuke.sk\/?page_id=106&#038;embed=true#?secret=j3CabRJW9n\" data-secret=\"j3CabRJW9n\" width=\"500\" height=\"282\" frameborder=\"0\" marginwidth=\"0\" marginheight=\"0\" scrolling=\"no\"><\/iframe><\/p>\n<blockquote class=\"wp-embedded-content\" data-secret=\"VA3JNJ9Esd\"><p><a href=\"http:\/\/logistika.fberg.tuke.sk\/?page_id=108\">Sk\u00fa\u0161ob\u0148a oce\u013eov\u00fdch l\u00e1n<\/a><\/p><\/blockquote>\n<p><iframe class=\"wp-embedded-content\" sandbox=\"allow-scripts\" security=\"restricted\" style=\"position: absolute; clip: rect(1px, 1px, 1px, 1px);\" title=\"&#8220;Sk\u00fa\u0161ob\u0148a oce\u013eov\u00fdch l\u00e1n&#8221; &#8212; \u00dastav logistiky a dopravy\" src=\"http:\/\/logistika.fberg.tuke.sk\/?page_id=108&#038;embed=true#?secret=VA3JNJ9Esd\" data-secret=\"VA3JNJ9Esd\" width=\"500\" height=\"282\" frameborder=\"0\" marginwidth=\"0\" marginheight=\"0\" scrolling=\"no\"><\/iframe><\/p>\n","protected":false},"excerpt":{"rendered":"<p>Slovensk\u00e9 centrum logistiky Sk\u00fa\u0161ob\u0148a oce\u013eov\u00fdch l\u00e1n<\/p>\n","protected":false},"author":1,"featured_media":0,"parent":0,"menu_order":0,"comment_status":"closed","ping_status":"closed","template":"","meta":{"pgc_meta":"","footnotes":""},"pgc_meta":"","_links":{"self":[{"href":"https:\/\/logistika.fberg.tuke.sk\/index.php?rest_route=\/wp\/v2\/pages\/55"}],"collection":[{"href":"https:\/\/logistika.fberg.tuke.sk\/index.php?rest_route=\/wp\/v2\/pages"}],"about":[{"href":"https:\/\/logistika.fberg.tuke.sk\/index.php?rest_route=\/wp\/v2\/types\/page"}],"author":[{"embeddable":true,"href":"https:\/\/logistika.fberg.tuke.sk\/index.php?rest_route=\/wp\/v2\/users\/1"}],"replies":[{"embeddable":true,"href":"https:\/\/logistika.fberg.tuke.sk\/index.php?rest_route=%2Fwp%2Fv2%2Fcomments&post=55"}],"version-history":[{"count":0,"href":"https:\/\/logistika.fberg.tuke.sk\/index.php?rest_route=\/wp\/v2\/pages\/55\/revisions"}],"wp:attachment":[{"href":"https:\/\/logistika.fberg.tuke.sk\/index.php?rest_route=%2Fwp%2Fv2%2Fmedia&parent=55"}],"curies":[{"name":"wp","href":"https:\/\/api.w.org\/{rel}","templated":true}]}}