{"id":60,"date":"2016-01-05T14:26:07","date_gmt":"2016-01-05T13:26:07","guid":{"rendered":"http:\/\/ustavlogistiky.jecool.net\/?page_id=60"},"modified":"2019-05-01T12:17:31","modified_gmt":"2019-05-01T11:17:31","slug":"kontakt","status":"publish","type":"page","link":"https:\/\/logistika.fberg.tuke.sk\/?page_id=60","title":{"rendered":"Kontakt"},"content":{"rendered":"\n<h2>Kontakt: \u00dastav logistiky a dopravy<\/h2>\n<h3>\u00daSTAV LOGISTIKY A DOPRAVY<br \/>Fakulta BERG<br \/>Technick\u00e1 Univerzita v Ko\u0161iciach<\/h3>\n<p>Park Komensk\u00e9ho 14<br \/>042 00 Ko\u0161ice<\/p>\n<div id=\"lmm_f9bffc2a\" style=\"width:640px;\" class=\"mapsmarker markermap marker-1\">\n<div id=\"lmm_panel_f9bffc2a\" class=\"lmm-panel\" style=\"background:#efefef;\">\n<div id=\"lmm_panel_api_f9bffc2a\" class=\"lmm-panel-api\"><a href=\"https:\/\/maps.google.com\/maps?daddr=Park+Komensk%C3%A9ho+14+Ko%C5%A1ick%C3%BD+kraj%2C+Slovensko&amp;t=m&amp;layer=1&amp;doflg=ptk&amp;om=0\" target=\"_blank\" title=\"Vyh\u013eada\u0165 trasu\"><img loading=\"lazy\" decoding=\"async\" alt=\"icon-car.png\" src=\"https:\/\/logistika.fberg.tuke.sk\/wp-content\/plugins\/leaflet-maps-marker\/inc\/img\/icon-car.png\" width=\"14\" height=\"14\" class=\"lmm-panel-api-images\" \/><\/a><\/div><div id=\"lmm_panel_text_f9bffc2a\" class=\"lmm-panel-text\" style=\"font-weight:bold;color:#373737;\">\u00dastav logistiky a dopravy<\/div><\/div>\n<div id=\"lmm_map_f9bffc2a\" class=\"lmm-map\" style=\"background:#f6f6f6;border:1px solid #ccc;height:480px; overflow:hidden;padding:0;\"><p style=\"font-size:80%;color:#9f9e9e;margin-left:5px;\">nahr\u00e1vam mapu - chv\u00ed\u013eu strpenia pros\u00edm....<noscript><br\/><strong>Mapu nie je mo\u017en\u00e9 na\u010d\u00edta\u0165 - povo\u013ete pou\u017eitie Javascript-u!<\/strong><br\/><a style=\"text-decoration:none;\" href=\"https:\/\/www.mapsmarker.com\/js-disabled\" target=\"_blank\">&rarr; viac inform\u00e1ci\u00ed<\/a><\/noscript><\/p><\/div>\n<div id=\"lmm_geo_tags_f9bffc2a\" class=\"lmm-geo-tags geo\">\n<span class=\"paneltext\">\u00dastav logistiky a dopravy<\/span>\n<span class=\"latitude\">48.733267<\/span>, <span class=\"longitude\">21.245220<\/span>\n<span class=\"popuptext\"><\/span>\n<\/div>\n<\/div><br \/>\nkontakt na jednotliv\u00fdch pracovn\u00edkov najdete v sekcii <a href=\"http:\/\/logistika.fberg.tuke.sk\/?page_id=61\" target=\"_blank\" rel=\"noopener\">&#8222;Pracovn\u00edci&#8220;<\/a><\/p>\n","protected":false},"excerpt":{"rendered":"<p>Kontakt: \u00dastav logistiky a dopravy \u00daSTAV LOGISTIKY A DOPRAVYFakulta BERGTechnick\u00e1 Univerzita v Ko\u0161iciach Park Komensk\u00e9ho 14042 00 Ko\u0161ice kontakt na jednotliv\u00fdch pracovn\u00edkov najdete v sekcii &#8222;Pracovn\u00edci&#8220;<\/p>\n","protected":false},"author":1,"featured_media":0,"parent":0,"menu_order":0,"comment_status":"closed","ping_status":"closed","template":"","meta":{"pgc_meta":"","footnotes":""},"pgc_meta":"","_links":{"self":[{"href":"https:\/\/logistika.fberg.tuke.sk\/index.php?rest_route=\/wp\/v2\/pages\/60"}],"collection":[{"href":"https:\/\/logistika.fberg.tuke.sk\/index.php?rest_route=\/wp\/v2\/pages"}],"about":[{"href":"https:\/\/logistika.fberg.tuke.sk\/index.php?rest_route=\/wp\/v2\/types\/page"}],"author":[{"embeddable":true,"href":"https:\/\/logistika.fberg.tuke.sk\/index.php?rest_route=\/wp\/v2\/users\/1"}],"replies":[{"embeddable":true,"href":"https:\/\/logistika.fberg.tuke.sk\/index.php?rest_route=%2Fwp%2Fv2%2Fcomments&post=60"}],"version-history":[{"count":0,"href":"https:\/\/logistika.fberg.tuke.sk\/index.php?rest_route=\/wp\/v2\/pages\/60\/revisions"}],"wp:attachment":[{"href":"https:\/\/logistika.fberg.tuke.sk\/index.php?rest_route=%2Fwp%2Fv2%2Fmedia&parent=60"}],"curies":[{"name":"wp","href":"https:\/\/api.w.org\/{rel}","templated":true}]}}