{"id":8,"date":"2016-01-04T22:28:20","date_gmt":"2016-01-04T21:28:20","guid":{"rendered":"http:\/\/ustavlogistiky.jecool.net\/?page_id=8"},"modified":"2016-02-16T19:17:58","modified_gmt":"2016-02-16T18:17:58","slug":"studium-u-nas","status":"publish","type":"page","link":"https:\/\/logistika.fberg.tuke.sk\/?page_id=8","title":{"rendered":"\u0160t\u00fadium u n\u00e1s"},"content":{"rendered":"<p>\n<script type=\"text\/javascript\">\/\/ <![CDATA[\nwindow.location.replace(\"http:\/\/logistika.fberg.tuke.sk\/?page_id=46\"); \n\/\/ ]]><\/script><\/p>\n","protected":false},"excerpt":{"rendered":"","protected":false},"author":1,"featured_media":0,"parent":0,"menu_order":0,"comment_status":"closed","ping_status":"closed","template":"","meta":{"pgc_meta":"","footnotes":""},"pgc_meta":"","_links":{"self":[{"href":"https:\/\/logistika.fberg.tuke.sk\/index.php?rest_route=\/wp\/v2\/pages\/8"}],"collection":[{"href":"https:\/\/logistika.fberg.tuke.sk\/index.php?rest_route=\/wp\/v2\/pages"}],"about":[{"href":"https:\/\/logistika.fberg.tuke.sk\/index.php?rest_route=\/wp\/v2\/types\/page"}],"author":[{"embeddable":true,"href":"https:\/\/logistika.fberg.tuke.sk\/index.php?rest_route=\/wp\/v2\/users\/1"}],"replies":[{"embeddable":true,"href":"https:\/\/logistika.fberg.tuke.sk\/index.php?rest_route=%2Fwp%2Fv2%2Fcomments&post=8"}],"version-history":[{"count":0,"href":"https:\/\/logistika.fberg.tuke.sk\/index.php?rest_route=\/wp\/v2\/pages\/8\/revisions"}],"wp:attachment":[{"href":"https:\/\/logistika.fberg.tuke.sk\/index.php?rest_route=%2Fwp%2Fv2%2Fmedia&parent=8"}],"curies":[{"name":"wp","href":"https:\/\/api.w.org\/{rel}","templated":true}]}}